{"id":9963,"date":"2025-11-18T18:07:26","date_gmt":"2025-11-18T18:07:26","guid":{"rendered":"https:\/\/avenyazilim.com\/sukru-butik\/?post_type=product&#038;p=9963"},"modified":"2026-01-24T21:34:48","modified_gmt":"2026-01-24T21:34:48","slug":"elbise-3","status":"publish","type":"product","link":"https:\/\/www.tuembutik.com\/index.php\/urun\/elbise-3\/","title":{"rendered":"Elbise"},"content":{"rendered":"<p><strong>Ceket elbise<br \/>\n1\/2\/3\/4 \u015feklinde<br \/>\n38\/48 aral\u0131\u011f\u0131nda<\/strong><\/p>\n","protected":false},"excerpt":{"rendered":"<p>Ceket elbise 1\/2\/3\/4 \u015feklinde 38\/48 aral\u0131\u011f\u0131nda<\/p>\n","protected":false},"featured_media":9964,"comment_status":"open","ping_status":"closed","template":"","meta":[],"product_brand":[],"product_cat":[70],"product_tag":[],"class_list":{"0":"post-9963","1":"product","2":"type-product","3":"status-publish","4":"has-post-thumbnail","6":"product_cat-elbise","8":"first","9":"instock","10":"shipping-taxable","11":"purchasable","12":"product-type-variable"},"jetpack_sharing_enabled":true,"_links":{"self":[{"href":"https:\/\/www.tuembutik.com\/index.php\/wp-json\/wp\/v2\/product\/9963","targetHints":{"allow":["GET"]}}],"collection":[{"href":"https:\/\/www.tuembutik.com\/index.php\/wp-json\/wp\/v2\/product"}],"about":[{"href":"https:\/\/www.tuembutik.com\/index.php\/wp-json\/wp\/v2\/types\/product"}],"replies":[{"embeddable":true,"href":"https:\/\/www.tuembutik.com\/index.php\/wp-json\/wp\/v2\/comments?post=9963"}],"wp:featuredmedia":[{"embeddable":true,"href":"https:\/\/www.tuembutik.com\/index.php\/wp-json\/wp\/v2\/media\/9964"}],"wp:attachment":[{"href":"https:\/\/www.tuembutik.com\/index.php\/wp-json\/wp\/v2\/media?parent=9963"}],"wp:term":[{"taxonomy":"product_brand","embeddable":true,"href":"https:\/\/www.tuembutik.com\/index.php\/wp-json\/wp\/v2\/product_brand?post=9963"},{"taxonomy":"product_cat","embeddable":true,"href":"https:\/\/www.tuembutik.com\/index.php\/wp-json\/wp\/v2\/product_cat?post=9963"},{"taxonomy":"product_tag","embeddable":true,"href":"https:\/\/www.tuembutik.com\/index.php\/wp-json\/wp\/v2\/product_tag?post=9963"}],"curies":[{"name":"wp","href":"https:\/\/api.w.org\/{rel}","templated":true}]}}