{"id":9788,"date":"2025-11-18T07:47:04","date_gmt":"2025-11-18T07:47:04","guid":{"rendered":"https:\/\/avenyazilim.com\/sukru-butik\/?post_type=product&#038;p=9788"},"modified":"2026-02-28T17:34:38","modified_gmt":"2026-02-28T17:34:38","slug":"takim-5","status":"publish","type":"product","link":"https:\/\/www.tuembutik.com\/index.php\/urun\/takim-5\/","title":{"rendered":"Tak\u0131m"},"content":{"rendered":"<p><strong>\u015eifon detayl\u0131 tak\u0131m<\/strong><\/p>\n<p><strong>Tam kal\u0131p kendi bedeninizi tercih edebilirsiniz <\/strong><\/p>\n<p><strong>Bluz arkadan fermuarl\u0131<\/strong><\/p>\n<p><strong>Etek \u00e7epli ve kemerli <\/strong><\/p>\n","protected":false},"excerpt":{"rendered":"<p>\u015eifon detayl\u0131 tak\u0131m Tam kal\u0131p kendi bedeninizi tercih edebilirsiniz Bluz arkadan fermuarl\u0131 Etek \u00e7epli ve kemerli<\/p>\n","protected":false},"featured_media":9789,"comment_status":"open","ping_status":"closed","template":"","meta":[],"product_brand":[],"product_cat":[88],"product_tag":[],"class_list":{"0":"post-9788","1":"product","2":"type-product","3":"status-publish","4":"has-post-thumbnail","6":"product_cat-takim","8":"first","9":"instock","10":"shipping-taxable","11":"purchasable","12":"product-type-variable"},"jetpack_sharing_enabled":true,"_links":{"self":[{"href":"https:\/\/www.tuembutik.com\/index.php\/wp-json\/wp\/v2\/product\/9788","targetHints":{"allow":["GET"]}}],"collection":[{"href":"https:\/\/www.tuembutik.com\/index.php\/wp-json\/wp\/v2\/product"}],"about":[{"href":"https:\/\/www.tuembutik.com\/index.php\/wp-json\/wp\/v2\/types\/product"}],"replies":[{"embeddable":true,"href":"https:\/\/www.tuembutik.com\/index.php\/wp-json\/wp\/v2\/comments?post=9788"}],"wp:featuredmedia":[{"embeddable":true,"href":"https:\/\/www.tuembutik.com\/index.php\/wp-json\/wp\/v2\/media\/9789"}],"wp:attachment":[{"href":"https:\/\/www.tuembutik.com\/index.php\/wp-json\/wp\/v2\/media?parent=9788"}],"wp:term":[{"taxonomy":"product_brand","embeddable":true,"href":"https:\/\/www.tuembutik.com\/index.php\/wp-json\/wp\/v2\/product_brand?post=9788"},{"taxonomy":"product_cat","embeddable":true,"href":"https:\/\/www.tuembutik.com\/index.php\/wp-json\/wp\/v2\/product_cat?post=9788"},{"taxonomy":"product_tag","embeddable":true,"href":"https:\/\/www.tuembutik.com\/index.php\/wp-json\/wp\/v2\/product_tag?post=9788"}],"curies":[{"name":"wp","href":"https:\/\/api.w.org\/{rel}","templated":true}]}}