{"id":11458,"date":"2026-02-28T14:30:55","date_gmt":"2026-02-28T14:30:55","guid":{"rendered":"https:\/\/www.tuembutik.com\/index.php\/urun\/etek\/"},"modified":"2026-02-28T14:33:45","modified_gmt":"2026-02-28T14:33:45","slug":"etek","status":"publish","type":"product","link":"https:\/\/www.tuembutik.com\/index.php\/urun\/etek\/","title":{"rendered":"Etek"},"content":{"rendered":"<p><strong><\/strong><\/p>\n<p><strong>Rahat kal\u0131pt\u0131r<\/strong><\/p>\n<p><strong>Yandan fermuarl\u0131<\/strong><\/p>\n<p><strong>Boy 95 cm\ufffc<\/strong><\/p>\n","protected":false},"excerpt":{"rendered":"<p>Rahat kal\u0131pt\u0131r Yandan fermuarl\u0131 Boy 95 cm\ufffc<\/p>\n","protected":false},"featured_media":11454,"comment_status":"open","ping_status":"closed","template":"","meta":[],"product_brand":[],"product_cat":[131],"product_tag":[],"class_list":{"0":"post-11458","1":"product","2":"type-product","3":"status-publish","4":"has-post-thumbnail","6":"product_cat-etek","8":"first","9":"instock","10":"shipping-taxable","11":"purchasable","12":"product-type-variable"},"jetpack_sharing_enabled":true,"_links":{"self":[{"href":"https:\/\/www.tuembutik.com\/index.php\/wp-json\/wp\/v2\/product\/11458","targetHints":{"allow":["GET"]}}],"collection":[{"href":"https:\/\/www.tuembutik.com\/index.php\/wp-json\/wp\/v2\/product"}],"about":[{"href":"https:\/\/www.tuembutik.com\/index.php\/wp-json\/wp\/v2\/types\/product"}],"replies":[{"embeddable":true,"href":"https:\/\/www.tuembutik.com\/index.php\/wp-json\/wp\/v2\/comments?post=11458"}],"wp:featuredmedia":[{"embeddable":true,"href":"https:\/\/www.tuembutik.com\/index.php\/wp-json\/wp\/v2\/media\/11454"}],"wp:attachment":[{"href":"https:\/\/www.tuembutik.com\/index.php\/wp-json\/wp\/v2\/media?parent=11458"}],"wp:term":[{"taxonomy":"product_brand","embeddable":true,"href":"https:\/\/www.tuembutik.com\/index.php\/wp-json\/wp\/v2\/product_brand?post=11458"},{"taxonomy":"product_cat","embeddable":true,"href":"https:\/\/www.tuembutik.com\/index.php\/wp-json\/wp\/v2\/product_cat?post=11458"},{"taxonomy":"product_tag","embeddable":true,"href":"https:\/\/www.tuembutik.com\/index.php\/wp-json\/wp\/v2\/product_tag?post=11458"}],"curies":[{"name":"wp","href":"https:\/\/api.w.org\/{rel}","templated":true}]}}