{"id":11263,"date":"2026-02-24T08:46:19","date_gmt":"2026-02-24T08:46:19","guid":{"rendered":"https:\/\/www.tuembutik.com\/index.php\/urun\/terzi-dukkani-etekli-takim\/"},"modified":"2026-03-17T13:54:30","modified_gmt":"2026-03-17T13:54:30","slug":"terzi-dukkani-etekli-takim","status":"publish","type":"product","link":"https:\/\/www.tuembutik.com\/index.php\/urun\/terzi-dukkani-etekli-takim\/","title":{"rendered":"Terzi d\u00fckkan\u0131 etekli tak\u0131m"},"content":{"rendered":"<p><strong>Etekli tak\u0131m <\/strong><\/p>\n<p><strong>Ceket boy 47 cm<\/strong><\/p>\n<p><strong>Etek boy 92 cm<\/strong><\/p>\n","protected":false},"excerpt":{"rendered":"<p>Etekli tak\u0131m Ceket boy 47 cm Etek boy 92 cm<\/p>\n","protected":false},"featured_media":11262,"comment_status":"open","ping_status":"closed","template":"","meta":[],"product_brand":[],"product_cat":[88],"product_tag":[],"class_list":{"0":"post-11263","1":"product","2":"type-product","3":"status-publish","4":"has-post-thumbnail","6":"product_cat-takim","8":"first","9":"instock","10":"shipping-taxable","11":"purchasable","12":"product-type-variable"},"jetpack_sharing_enabled":true,"_links":{"self":[{"href":"https:\/\/www.tuembutik.com\/index.php\/wp-json\/wp\/v2\/product\/11263","targetHints":{"allow":["GET"]}}],"collection":[{"href":"https:\/\/www.tuembutik.com\/index.php\/wp-json\/wp\/v2\/product"}],"about":[{"href":"https:\/\/www.tuembutik.com\/index.php\/wp-json\/wp\/v2\/types\/product"}],"replies":[{"embeddable":true,"href":"https:\/\/www.tuembutik.com\/index.php\/wp-json\/wp\/v2\/comments?post=11263"}],"wp:featuredmedia":[{"embeddable":true,"href":"https:\/\/www.tuembutik.com\/index.php\/wp-json\/wp\/v2\/media\/11262"}],"wp:attachment":[{"href":"https:\/\/www.tuembutik.com\/index.php\/wp-json\/wp\/v2\/media?parent=11263"}],"wp:term":[{"taxonomy":"product_brand","embeddable":true,"href":"https:\/\/www.tuembutik.com\/index.php\/wp-json\/wp\/v2\/product_brand?post=11263"},{"taxonomy":"product_cat","embeddable":true,"href":"https:\/\/www.tuembutik.com\/index.php\/wp-json\/wp\/v2\/product_cat?post=11263"},{"taxonomy":"product_tag","embeddable":true,"href":"https:\/\/www.tuembutik.com\/index.php\/wp-json\/wp\/v2\/product_tag?post=11263"}],"curies":[{"name":"wp","href":"https:\/\/api.w.org\/{rel}","templated":true}]}}