{"id":11180,"date":"2026-02-20T15:01:30","date_gmt":"2026-02-20T15:01:30","guid":{"rendered":"https:\/\/www.tuembutik.com\/index.php\/urun\/kot-pantolon\/"},"modified":"2026-02-26T11:27:17","modified_gmt":"2026-02-26T11:27:17","slug":"kot-pantolon","status":"publish","type":"product","link":"https:\/\/www.tuembutik.com\/index.php\/urun\/kot-pantolon\/","title":{"rendered":"Kot pantolon"},"content":{"rendered":"<p><strong>\u00c7\u0131t \u00e7\u0131t detayl\u0131 <\/strong><\/p>\n<p><strong>Boy 107<\/strong><\/p>\n","protected":false},"excerpt":{"rendered":"<p>\u00c7\u0131t \u00e7\u0131t detayl\u0131 Boy 107<\/p>\n","protected":false},"featured_media":11172,"comment_status":"open","ping_status":"closed","template":"","meta":[],"product_brand":[],"product_cat":[128],"product_tag":[],"class_list":{"0":"post-11180","1":"product","2":"type-product","3":"status-publish","4":"has-post-thumbnail","6":"product_cat-pantolon","8":"first","9":"instock","10":"shipping-taxable","11":"purchasable","12":"product-type-variable"},"jetpack_sharing_enabled":true,"_links":{"self":[{"href":"https:\/\/www.tuembutik.com\/index.php\/wp-json\/wp\/v2\/product\/11180","targetHints":{"allow":["GET"]}}],"collection":[{"href":"https:\/\/www.tuembutik.com\/index.php\/wp-json\/wp\/v2\/product"}],"about":[{"href":"https:\/\/www.tuembutik.com\/index.php\/wp-json\/wp\/v2\/types\/product"}],"replies":[{"embeddable":true,"href":"https:\/\/www.tuembutik.com\/index.php\/wp-json\/wp\/v2\/comments?post=11180"}],"wp:featuredmedia":[{"embeddable":true,"href":"https:\/\/www.tuembutik.com\/index.php\/wp-json\/wp\/v2\/media\/11172"}],"wp:attachment":[{"href":"https:\/\/www.tuembutik.com\/index.php\/wp-json\/wp\/v2\/media?parent=11180"}],"wp:term":[{"taxonomy":"product_brand","embeddable":true,"href":"https:\/\/www.tuembutik.com\/index.php\/wp-json\/wp\/v2\/product_brand?post=11180"},{"taxonomy":"product_cat","embeddable":true,"href":"https:\/\/www.tuembutik.com\/index.php\/wp-json\/wp\/v2\/product_cat?post=11180"},{"taxonomy":"product_tag","embeddable":true,"href":"https:\/\/www.tuembutik.com\/index.php\/wp-json\/wp\/v2\/product_tag?post=11180"}],"curies":[{"name":"wp","href":"https:\/\/api.w.org\/{rel}","templated":true}]}}