{"id":11161,"date":"2026-02-20T14:50:01","date_gmt":"2026-02-20T14:50:01","guid":{"rendered":"https:\/\/www.tuembutik.com\/index.php\/urun\/gomlek-5\/"},"modified":"2026-04-13T10:33:21","modified_gmt":"2026-04-13T10:33:21","slug":"gomlek-5","status":"publish","type":"product","link":"https:\/\/www.tuembutik.com\/index.php\/urun\/gomlek-5\/","title":{"rendered":"G\u00f6mlek"},"content":{"rendered":"<p><strong>G\u00f6mlek boy 75<\/strong><\/p>\n<p><strong>Dar kal\u0131pt\u0131r bir beden b\u00fcy\u00fck tercih edin <\/strong><\/p>\n","protected":false},"excerpt":{"rendered":"<p>G\u00f6mlek boy 75 Dar kal\u0131pt\u0131r bir beden b\u00fcy\u00fck tercih edin<\/p>\n","protected":false},"featured_media":11159,"comment_status":"open","ping_status":"closed","template":"","meta":[],"product_brand":[],"product_cat":[87],"product_tag":[],"class_list":{"0":"post-11161","1":"product","2":"type-product","3":"status-publish","4":"has-post-thumbnail","6":"product_cat-gomlek","8":"first","9":"instock","10":"shipping-taxable","11":"purchasable","12":"product-type-variable"},"jetpack_sharing_enabled":true,"_links":{"self":[{"href":"https:\/\/www.tuembutik.com\/index.php\/wp-json\/wp\/v2\/product\/11161","targetHints":{"allow":["GET"]}}],"collection":[{"href":"https:\/\/www.tuembutik.com\/index.php\/wp-json\/wp\/v2\/product"}],"about":[{"href":"https:\/\/www.tuembutik.com\/index.php\/wp-json\/wp\/v2\/types\/product"}],"replies":[{"embeddable":true,"href":"https:\/\/www.tuembutik.com\/index.php\/wp-json\/wp\/v2\/comments?post=11161"}],"wp:featuredmedia":[{"embeddable":true,"href":"https:\/\/www.tuembutik.com\/index.php\/wp-json\/wp\/v2\/media\/11159"}],"wp:attachment":[{"href":"https:\/\/www.tuembutik.com\/index.php\/wp-json\/wp\/v2\/media?parent=11161"}],"wp:term":[{"taxonomy":"product_brand","embeddable":true,"href":"https:\/\/www.tuembutik.com\/index.php\/wp-json\/wp\/v2\/product_brand?post=11161"},{"taxonomy":"product_cat","embeddable":true,"href":"https:\/\/www.tuembutik.com\/index.php\/wp-json\/wp\/v2\/product_cat?post=11161"},{"taxonomy":"product_tag","embeddable":true,"href":"https:\/\/www.tuembutik.com\/index.php\/wp-json\/wp\/v2\/product_tag?post=11161"}],"curies":[{"name":"wp","href":"https:\/\/api.w.org\/{rel}","templated":true}]}}